{"id":11616,"date":"2021-04-09T09:46:02","date_gmt":"2021-04-09T07:46:02","guid":{"rendered":"https:\/\/fintecnic.pl\/?page_id=11616"},"modified":"2025-04-17T12:39:38","modified_gmt":"2025-04-17T10:39:38","slug":"company","status":"publish","type":"page","link":"https:\/\/fintecnic.pl\/en\/company\/","title":{"rendered":"Company"},"content":{"rendered":"<section id=\"\" class=\"title_description_image acf-block  acf-block-id-block_bde0ee464a96f594c59cd02ad1a15b09 acf-block--mb acf-block--mt\">\n\n        \n    <div class=\"container\">\n        <div class=\"row\">\n            <div class=\"col-12 col-md-10 offset-md-1\">\n\n                <div class=\"title_description_image__heading\">\n                    <div class=\"title_description_image__heading__left\">\n\n                                \n    <span class=\"title_description_image__title_small title-small\">Company<\/span>\n    <h2 class=\"title_description_image__title title\">Fintecnic &#8211; Polish manufacturer <br \/>\r\nand distributor of windows<\/h2>\n\n    <div class=\"paragraph title_description_image__description\">We operate throughout Europe &#8211; we supply, install and service our windows throughout Europe.<br \/>\r\n<br \/>\r\nIn our offer you will find mainly modern aluminium systems, windows, doors, facades; fire windows and doors, aluminium pergolas and winter gardens, modern sliding systems &#8211; HST, Moreview, Smart Slide, PSK.<br \/>\r\n<br \/>\r\nWe also offer pvc windows and doors, garage doors and external doors &#8211; steel, aluminium and pvc.<br \/>\r\n<br \/>\r\nTaking care of the highest quality and comprehensiveness of our services, we also offer all the necessary accessories for our windows and doors, such as facade blinds, external roller blinds or rolling and sliding mosquito nets, as well as their transport and installation.<\/div>\n\n                    <\/div>\n\n                                            <a href=\"#block_bde0ee464a96f594c59cd02ad1a15b09\" class=\"title_description_image__heading__btn btn-oval-gray\"><i class=\"fal fa-arrow-down\"><\/i><\/a>\n                                    <\/div>\n\n            <\/div>\n        <\/div>\n\n                    <div class=\"row\">\n                <div class=\"col-12\">\n                    <div class=\"title_description_image__img\" id=\"block_bde0ee464a96f594c59cd02ad1a15b09\">\n                                                <picture>\n                            <source media=\"(max-width: 568px)\"\n                                    srcset=\"https:\/\/fintecnic.pl\/app\/uploads\/2023\/11\/pvc-aluminium-fintecnic-lodz-italy-eu-uk-windows-from-poland-facade-windows-villa-house-doors-and-windows-systems-vis-scaled-390x0-c-default.webp 1x, https:\/\/fintecnic.pl\/app\/uploads\/2023\/11\/pvc-aluminium-fintecnic-lodz-italy-eu-uk-windows-from-poland-facade-windows-villa-house-doors-and-windows-systems-vis-scaled-780x0-c-default.webp 2x, https:\/\/fintecnic.pl\/app\/uploads\/2023\/11\/pvc-aluminium-fintecnic-lodz-italy-eu-uk-windows-from-poland-facade-windows-villa-house-doors-and-windows-systems-vis-scaled-1170x0-c-default.webp 3x\">\n                            <img decoding=\"async\" src=\"https:\/\/fintecnic.pl\/app\/uploads\/2023\/11\/pvc-aluminium-fintecnic-lodz-italy-eu-uk-windows-from-poland-facade-windows-villa-house-doors-and-windows-systems-vis-scaled-1460x0-c-default.webp\"\n                                 alt=\"\"\n                                 width=\"1460\"\n                                 style=\"aspect-ratio: auto 2560 \/ 1490\"\n                                 loading=\"lazy\"\n                                 srcset=\"https:\/\/fintecnic.pl\/app\/uploads\/2023\/11\/pvc-aluminium-fintecnic-lodz-italy-eu-uk-windows-from-poland-facade-windows-villa-house-doors-and-windows-systems-vis-scaled-1460x0-c-default.webp 1x, https:\/\/fintecnic.pl\/app\/uploads\/2023\/11\/pvc-aluminium-fintecnic-lodz-italy-eu-uk-windows-from-poland-facade-windows-villa-house-doors-and-windows-systems-vis-scaled-2920x0-c-default.webp 2x, https:\/\/fintecnic.pl\/app\/uploads\/2023\/11\/pvc-aluminium-fintecnic-lodz-italy-eu-uk-windows-from-poland-facade-windows-villa-house-doors-and-windows-systems-vis-scaled-4380x0-c-default.webp 3x\">\n                        <\/picture>\n                    <\/div>\n\n                <\/div>\n            <\/div>\n            <\/div>\n\n<\/section>\n\n\n\n<section id=\"\" class=\"title_description  acf-block  acf-block-id-block_06cc4c44c5fd147c6eaa2275d8518f71 acf-block--mb acf-block--mt\">\n\n        <div class=\"container\">\n    <div class=\"row\">\n        <div class=\"col-12 col-md-10 offset-md-1 col-xl-8 offset-xl-2\">\n                        \n    <span class=\"title_description__title_small title-small\">Location<\/span>\n    <h2 class=\"title_description__title title\">\u0141\u00f3d\u017a and Aleksandr\u00f3w \u0141\u00f3dzki are our main locations<\/h2>\n\n    <div class=\"description title_description__description\"><p><img decoding=\"async\" src=\"https:\/\/fintecnic.pl\/app\/uploads\/2024\/06\/fintecnic-manufacturer-aluminium-pcv-windows-doors-facades-lodz-poland.webp\" alt=\"\" width=\"2000\" height=\"1500\" class=\"alignnone size-full wp-image-15489\" srcset=\"https:\/\/fintecnic.pl\/app\/uploads\/2024\/06\/fintecnic-manufacturer-aluminium-pcv-windows-doors-facades-lodz-poland.webp 2000w, https:\/\/fintecnic.pl\/app\/uploads\/2024\/06\/fintecnic-manufacturer-aluminium-pcv-windows-doors-facades-lodz-poland-300x225.webp 300w, https:\/\/fintecnic.pl\/app\/uploads\/2024\/06\/fintecnic-manufacturer-aluminium-pcv-windows-doors-facades-lodz-poland-1024x768.webp 1024w, https:\/\/fintecnic.pl\/app\/uploads\/2024\/06\/fintecnic-manufacturer-aluminium-pcv-windows-doors-facades-lodz-poland-768x576.webp 768w, https:\/\/fintecnic.pl\/app\/uploads\/2024\/06\/fintecnic-manufacturer-aluminium-pcv-windows-doors-facades-lodz-poland-1536x1152.webp 1536w\" sizes=\"(max-width: 2000px) 100vw, 2000px\" \/><\/p>\n<p>You will find us in the central part of Poland &#8211; we are based in Aleksandr\u00f3w \u0141\u00f3dzki &#8211; here you will find our production plant, warehouse and showroom. Our office in \u0141\u00f3d\u017a, on the other hand, deals with export and serves foreign customers. At present, \u0141\u00f3d\u017a and Aleksandr\u00f3w \u0141\u00f3dzki are well connected with the rest of the country, which allows for convenient access and trouble-free transportation of both our products to our customers and the possibility of visiting us in our showroom or seeing our realisations directly on the construction site in our modern show houses.<\/p>\n<p>We invite you to contact us and make an appointment for a visit to our showroom, where you can test the functionality and operation of our modern aluminium sliding doors, assess the aesthetics and installation quality of our aluminium windows and see why it&#8217;s a good idea to install facade blinds at home.<\/p>\n<p>In our realisations, you can also see solutions such as fa\u00e7ades in detached houses, all-glass corner windows and many other modern and comfortable facilities that can be used in your investment.<\/p>\n<\/div>\n        <\/div>\n    <\/div>\n<\/div>    \n<\/section>\n\n\n\n<section id=\"dlaczego_my\" class=\"title_points_image acf-block  acf-block-id-block_3fb72c2f9a0222a178586157fd1b1e5a acf-block--mb acf-block--mt\">\n\n\n    <div class=\"container\">\n        <div class=\"row title_points_image__row\">\n            <div class=\"col-12 col-lg-9 offset-lg-0 col-xl-9 offset-xl-1 col-xxl-7 offset-xxl-2\">\n                <div class=\"title_points_image__text\">\n                                \n    <span class=\"title_points_image__title_small title-small\">Why choose us<\/span>\n    <h2 class=\"title_points_image__title title\">Why choose Fintecnic?<\/h2>\n\n                <\/div>\n\n                                <div class=\"title_points_image__points\">\n                                        <div class=\"title_points_image__points__item\">\n                        <h3 class=\"title_points_image__points__item__title\">12 years of experience<\/h3>\n                        <p class=\"title_points_image__points__item__description paragraph-small\">We have been on the market for 10 years, and we already have a number of satisfied customers, more and more of whom are joining us every day. This is a great motivation for us to continue working and developing our company. <\/p>\n                    <\/div>\n                                        <div class=\"title_points_image__points__item\">\n                        <h3 class=\"title_points_image__points__item__title\">Experience. Punctuality.  Professional service.<\/h3>\n                        <p class=\"title_points_image__points__item__description paragraph-small\">Anyone who has dealt with us knows full well that advice, punctuality, professional assistance and professional service are our strengths.<\/p>\n                    <\/div>\n                                        <div class=\"title_points_image__points__item\">\n                        <h3 class=\"title_points_image__points__item__title\">Windows to suit all budgets<\/h3>\n                        <p class=\"title_points_image__points__item__description paragraph-small\">Energy-efficient and long-lasting windows can be within your reach. This is not a pipe dream, but a reality for our company.<\/p>\n                    <\/div>\n                                        <div class=\"title_points_image__points__item\">\n                        <h3 class=\"title_points_image__points__item__title\">Individual approach<\/h3>\n                        <p class=\"title_points_image__points__item__description paragraph-small\">We are available at any time for advice and selection of suitable windows, doors and garage doors according to your needs and tastes. We consistently focus on the highest quality of our products while expanding our range. <br \/>\r\nIn the \u0141\u00f3d\u017a province, we are an example of how you can combine high quality with affordable prices. Aluminium or PVC windows purchased from our company are an investment for many years. After all, durable windows are a priority for us.<\/p>\n                    <\/div>\n                                    <\/div>\n                            <\/div>\n            <div class=\"col-12 col-lg-3 col-xl-2 col-xxl-3\">\n\n                <div class=\"title_points_image__img\">\n                                                            \n                    <picture>\n                        <source media=\"(max-width: 991px)\"\n                                srcset=\"\n                                        https:\/\/fintecnic.pl\/app\/uploads\/2023\/11\/pvc-aluminium-fintecnic-lodz-italy-eu-uk-windows-from-poland-facade-windows-why-choose-fintecnic_2-315x340-c-default.webp 315w,\n                                        https:\/\/fintecnic.pl\/app\/uploads\/2023\/11\/pvc-aluminium-fintecnic-lodz-italy-eu-uk-windows-from-poland-facade-windows-why-choose-fintecnic_2-630x680-c-default.webp 630w\n                        \">\n                        <source media=\"(min-width: 992px)\"\n                                srcset=\"\n                                        https:\/\/fintecnic.pl\/app\/uploads\/2023\/11\/pvc-aluminium-fintecnic-lodz-italy-eu-uk-windows-from-poland-facade-windows-why-choose-fintecnic_2-413x900-c-default.webp 413w,\n                                        https:\/\/fintecnic.pl\/app\/uploads\/2023\/11\/pvc-aluminium-fintecnic-lodz-italy-eu-uk-windows-from-poland-facade-windows-why-choose-fintecnic_2-826x1800-c-default.webp 826w\n                        \">\n\n                        <img decoding=\"async\" src=\"https:\/\/fintecnic.pl\/app\/uploads\/2023\/11\/pvc-aluminium-fintecnic-lodz-italy-eu-uk-windows-from-poland-facade-windows-why-choose-fintecnic_2-413x900-c-default.webp\" width=\"413\" height=\"900\" alt=\"\" loading=\"lazy\"\n                             srcset=\"https:\/\/fintecnic.pl\/app\/uploads\/2023\/11\/pvc-aluminium-fintecnic-lodz-italy-eu-uk-windows-from-poland-facade-windows-why-choose-fintecnic_2-413x900-c-default.webp 413w,\n                                https:\/\/fintecnic.pl\/app\/uploads\/2023\/11\/pvc-aluminium-fintecnic-lodz-italy-eu-uk-windows-from-poland-facade-windows-why-choose-fintecnic_2-826x1800-c-default.webp 826w\"\n                        >\n                    <\/picture>\n\n                <\/div>\n\n\n\n            <\/div>\n        <\/div>\n\n    <\/div>\n\n\n<\/section>\n\n\n\n<section id=\"\" class=\"title_description_image acf-block  acf-block-id-block_0ecdc3fbff198e74a9e9fa06308b2329 acf-block--mb acf-block--mt\">\n\n                    \n    <div class=\"container\">\n        <div class=\"row\">\n            <div class=\"col-12 col-md-10 offset-md-1 col-xl-8 offset-xl-2\">\n\n                <div class=\"title_description_image__heading\">\n                    <div class=\"title_description_image__heading__left\">\n\n                                \n    <span class=\"title_description_image__title_small title-small\">Durability. Functionality. Economy.<\/span>\n    <h2 class=\"title_description_image__title title\">We want to give our customers durability, functionality, beauty and also savings for years to come.<\/h2>\n\n    <div class=\"paragraph title_description_image__description\">Thanks to the energy-efficient solutions of our windows, more than one person will save money on heating their home and flat. We even offer lead times of up to a week and make sure that your purchase is properly prepared and ready for collection.<\/div>\n\n                    <\/div>\n\n                                    <\/div>\n\n            <\/div>\n        <\/div>\n\n                    <div class=\"row\">\n                <div class=\"col-12 col-md-10 offset-md-1\">\n                    <div class=\"title_description_image__img\" id=\"block_0ecdc3fbff198e74a9e9fa06308b2329\">\n                                                <picture>\n                            <source media=\"(max-width: 568px)\"\n                                    srcset=\"https:\/\/fintecnic.pl\/app\/uploads\/2023\/11\/pvc-aluminium-fintecnic-lodz-italy-eu-uk-windows-from-poland-facade-windows-company-office-scaled-390x0-c-default.webp 1x, https:\/\/fintecnic.pl\/app\/uploads\/2023\/11\/pvc-aluminium-fintecnic-lodz-italy-eu-uk-windows-from-poland-facade-windows-company-office-scaled-780x0-c-default.webp 2x, https:\/\/fintecnic.pl\/app\/uploads\/2023\/11\/pvc-aluminium-fintecnic-lodz-italy-eu-uk-windows-from-poland-facade-windows-company-office-scaled-1170x0-c-default.webp 3x\">\n                            <img decoding=\"async\" src=\"https:\/\/fintecnic.pl\/app\/uploads\/2023\/11\/pvc-aluminium-fintecnic-lodz-italy-eu-uk-windows-from-poland-facade-windows-company-office-scaled-1460x0-c-default.webp\"\n                                 alt=\"\"\n                                 width=\"1460\"\n                                 style=\"aspect-ratio: auto 2560 \/ 1707\"\n                                 loading=\"lazy\"\n                                 srcset=\"https:\/\/fintecnic.pl\/app\/uploads\/2023\/11\/pvc-aluminium-fintecnic-lodz-italy-eu-uk-windows-from-poland-facade-windows-company-office-scaled-1460x0-c-default.webp 1x, https:\/\/fintecnic.pl\/app\/uploads\/2023\/11\/pvc-aluminium-fintecnic-lodz-italy-eu-uk-windows-from-poland-facade-windows-company-office-scaled-2920x0-c-default.webp 2x, https:\/\/fintecnic.pl\/app\/uploads\/2023\/11\/pvc-aluminium-fintecnic-lodz-italy-eu-uk-windows-from-poland-facade-windows-company-office-scaled-4380x0-c-default.webp 3x\">\n                        <\/picture>\n                    <\/div>\n\n                <\/div>\n            <\/div>\n            <\/div>\n\n<\/section>\n\n\n\n\t<section id=\"\" class=\"image_points acf-block  acf-block-id-block_fa7b5acafcfd2991131800b947eb982c acf-block--mb acf-block--mt\">\n\n\n\t\t<div class=\"container\">\n\t\t\t<div class=\"row align-items-center\">\n\t\t\t\t<div class=\"col-12 col-md-6 col-lg-5 offset-lg-1\">\n\t\t\t\t\t<div class=\"image_points__img\">\n\t\t\t\t\t\t\n\t\t\t\t\t\t<picture>\n\t\t\t\t\t\t\t<source media=\"(max-width: 568px)\"\n\t\t\t\t\t\t\t\t\tsrcset=\"https:\/\/fintecnic.pl\/app\/uploads\/2023\/11\/pvc-aluminium-fintecnic-lodz-italy-eu-uk-windows-from-poland-facade-windows-about-company-machine-park-390x496-c-default.webp 1x, https:\/\/fintecnic.pl\/app\/uploads\/2023\/11\/pvc-aluminium-fintecnic-lodz-italy-eu-uk-windows-from-poland-facade-windows-about-company-machine-park-780x992-c-default.webp 2x, https:\/\/fintecnic.pl\/app\/uploads\/2023\/11\/pvc-aluminium-fintecnic-lodz-italy-eu-uk-windows-from-poland-facade-windows-about-company-machine-park-1170x1488-c-default.webp 3x\">\n\t\t\t\t\t\t\t<img decoding=\"async\" src=\"https:\/\/fintecnic.pl\/app\/uploads\/2023\/11\/pvc-aluminium-fintecnic-lodz-italy-eu-uk-windows-from-poland-facade-windows-about-company-machine-park-590x750-c-default.webp\" alt=\"\"\n\t\t\t\t\t\t\t\t width=\"590\" height=\"750\"\n\t\t\t\t\t\t\t\t loading=\"lazy\"\n\t\t\t\t\t\t\t\t srcset=\"https:\/\/fintecnic.pl\/app\/uploads\/2023\/11\/pvc-aluminium-fintecnic-lodz-italy-eu-uk-windows-from-poland-facade-windows-about-company-machine-park-590x750-c-default.webp 1x, https:\/\/fintecnic.pl\/app\/uploads\/2023\/11\/pvc-aluminium-fintecnic-lodz-italy-eu-uk-windows-from-poland-facade-windows-about-company-machine-park-1180x1500-c-default.webp 2x, https:\/\/fintecnic.pl\/app\/uploads\/2023\/11\/pvc-aluminium-fintecnic-lodz-italy-eu-uk-windows-from-poland-facade-windows-about-company-machine-park-1770x2250-c-default.webp 3x\">\n\t\t\t\t\t\t<\/picture>\n\n\t\t\t\t\t<\/div>\n\t\t\t\t<\/div>\n\t\t\t\t<div class=\"col-12 col-md-6 col-lg-5\">\n\t\t\t\t\t<div class=\"image_points__text\">\n\n\t\t\t\t\t\t        \n    <span class=\"image_points__title_small title-small\">Machine park<\/span>\n    <h2 class=\"image_points__title title\">The aluminium windows we offer are exclusively made by us<\/h2>\n\n    <div class=\"paragraph image_points__description\">We manufacture them in a state-of-the-art machine park from 2020, which we continue to expand with new production machines. In our offer you can also find popular windows made of PVC, as well as facade systems, fire protection systems and modern sliding patio doors.<\/div>\n\n\t\t\t\t\t\t\t\t\t\t\t<\/div>\n\t\t\t\t<\/div>\n\t\t\t<\/div>\n\n\t\t\t\t\t<\/div>\n\n\n\t<\/section>\n\n\n\n<section id=\"\" class=\"products_carousel acf-block  acf-block-id-block_f948bf4aee04fd3bb14b5931f395c01d acf-block--mb acf-block--mt\">\n\n    <div class=\"container\">\n        <div class=\"row products_carousel__heading\">\n            <div class=\"col-12 col-md-10 col-lg-6 col-xl-7 col-xxl-8 offset-md-1\">\n                <span class=\"products_carousel__heading__title-small title-small\">Our products<\/span>\n                <h2 class=\"products_carousel__heading__title title\">Check out our product range<\/h2>\n            <\/div>\n            <div class=\"col-12 col-md-4 col-xl-3 col-xxl-2 products_carousel__heading__btn-col\">\n                                <a href=\"http:\/\/fintecnic.pl\/kontakt\/\" class=\"btn btn-arrow products_carousel__heading__btn\">Send enquiry<\/a>\n                            <\/div>\n            <div class=\"col-12 col-md-10 offset-md-1\">\n                <p class=\"paragraph products_carousel__heading__description\"><\/p>\n            <\/div>\n        <\/div>\n    <\/div>\n\n    <div class=\"container\">\n\n        <div class=\"row\">\n\t\t\t\t\t\t\t\t\t\t                \t\t\t\t<div class=\"col-12 col-md-4\">\n\t\t\t\t\t<a href=\"https:\/\/fintecnic.pl\/en\/windows\/\" aria-label=\"Windows\" class=\"products_carousel__item\" style=\"opacity: 1.0; margin-bottom: 50px;\">\n\t\t\t\t\t\t<div class=\"products_carousel__item__img\">\n\t\t\t\t\t\t\t<picture>\n\t\t\t\t\t\t\t\t<source media=\"(max-width: 568px)\"\n\t\t\t\t\t\t\t\t\t\tsrcset=\"https:\/\/fintecnic.pl\/app\/uploads\/2021\/05\/fintecnic-okna-390x390-c-default.webp 1x, https:\/\/fintecnic.pl\/app\/uploads\/2021\/05\/fintecnic-okna-780x780-c-default.webp 2x, https:\/\/fintecnic.pl\/app\/uploads\/2021\/05\/fintecnic-okna-1170x1170-c-default.webp 3x\">\n\t\t\t\t\t\t\t\t<img decoding=\"async\" src=\"https:\/\/fintecnic.pl\/app\/uploads\/2021\/05\/fintecnic-okna-470x470-c-default.webp\"\n\t\t\t\t\t\t\t\t\t alt=\"\"\n\t\t\t\t\t\t\t\t\t width=\"470\"\n\t\t\t\t\t\t\t\t\t height=\"470\"\n\t\t\t\t\t\t\t\t\t loading=\"lazy\"\n\t\t\t\t\t\t\t\t\t srcset=\"https:\/\/fintecnic.pl\/app\/uploads\/2021\/05\/fintecnic-okna-470x470-c-default.webp 1x, https:\/\/fintecnic.pl\/app\/uploads\/2021\/05\/fintecnic-okna-940x940-c-default.webp 2x, https:\/\/fintecnic.pl\/app\/uploads\/2021\/05\/fintecnic-okna-1410x1410-c-default.webp 3x\">\n\t\t\t\t\t\t\t<\/picture>\n\t\t\t\t\t\t<\/div>\n\t\t\t\t\t\t<div class=\"products_carousel__item__text\">\n\t\t\t\t\t\t\t<h3 class=\"products_carousel__item__title title-medium\">Windows<\/h3>\n\t\t\t\t\t\t\t<p class=\"products_carousel__item__description paragraph-small\">We offer a wide range of PVC windows made from the best quality materials.<\/p>\n\t\t\t\t\t\t\t<span class=\"products_carousel__item__more read-more\">Read more<\/span>\n\t\t\t\t\t\t<\/div>\n\t\t\t\t\t<\/a>\n\t\t\t\t<\/div>\n\t\t\t\t\n\t\t\t\t            \t\t\t\t                \t\t\t\t<div class=\"col-12 col-md-4\">\n\t\t\t\t\t<a href=\"https:\/\/fintecnic.pl\/en\/doors\/\" aria-label=\"Doors\" class=\"products_carousel__item\" style=\"opacity: 1.0; margin-bottom: 50px;\">\n\t\t\t\t\t\t<div class=\"products_carousel__item__img\">\n\t\t\t\t\t\t\t<picture>\n\t\t\t\t\t\t\t\t<source media=\"(max-width: 568px)\"\n\t\t\t\t\t\t\t\t\t\tsrcset=\"https:\/\/fintecnic.pl\/app\/uploads\/2021\/05\/fintecnic-drzwi-390x390-c-default.webp 1x, https:\/\/fintecnic.pl\/app\/uploads\/2021\/05\/fintecnic-drzwi-780x780-c-default.webp 2x, https:\/\/fintecnic.pl\/app\/uploads\/2021\/05\/fintecnic-drzwi-1170x1170-c-default.webp 3x\">\n\t\t\t\t\t\t\t\t<img decoding=\"async\" src=\"https:\/\/fintecnic.pl\/app\/uploads\/2021\/05\/fintecnic-drzwi-470x470-c-default.webp\"\n\t\t\t\t\t\t\t\t\t alt=\"\"\n\t\t\t\t\t\t\t\t\t width=\"470\"\n\t\t\t\t\t\t\t\t\t height=\"470\"\n\t\t\t\t\t\t\t\t\t loading=\"lazy\"\n\t\t\t\t\t\t\t\t\t srcset=\"https:\/\/fintecnic.pl\/app\/uploads\/2021\/05\/fintecnic-drzwi-470x470-c-default.webp 1x, https:\/\/fintecnic.pl\/app\/uploads\/2021\/05\/fintecnic-drzwi-940x940-c-default.webp 2x, https:\/\/fintecnic.pl\/app\/uploads\/2021\/05\/fintecnic-drzwi-1410x1410-c-default.webp 3x\">\n\t\t\t\t\t\t\t<\/picture>\n\t\t\t\t\t\t<\/div>\n\t\t\t\t\t\t<div class=\"products_carousel__item__text\">\n\t\t\t\t\t\t\t<h3 class=\"products_carousel__item__title title-medium\">Doors<\/h3>\n\t\t\t\t\t\t\t<p class=\"products_carousel__item__description paragraph-small\">We offer a wide range of doors, made from the best quality materials.<\/p>\n\t\t\t\t\t\t\t<span class=\"products_carousel__item__more read-more\">Read more<\/span>\n\t\t\t\t\t\t<\/div>\n\t\t\t\t\t<\/a>\n\t\t\t\t<\/div>\n\t\t\t\t\n\t\t\t\t            \t\t\t\t                \t\t\t\t<div class=\"col-12 col-md-4\">\n\t\t\t\t\t<a href=\"https:\/\/fintecnic.pl\/en\/aluminium-facades\/\" aria-label=\"Aluminium facades\" class=\"products_carousel__item\" style=\"opacity: 1.0; margin-bottom: 50px;\">\n\t\t\t\t\t\t<div class=\"products_carousel__item__img\">\n\t\t\t\t\t\t\t<picture>\n\t\t\t\t\t\t\t\t<source media=\"(max-width: 568px)\"\n\t\t\t\t\t\t\t\t\t\tsrcset=\"https:\/\/fintecnic.pl\/app\/uploads\/2021\/05\/fintecnic-fasady-aluminiowo-szklane-390x390-c-default.webp 1x, https:\/\/fintecnic.pl\/app\/uploads\/2021\/05\/fintecnic-fasady-aluminiowo-szklane-780x780-c-default.webp 2x, https:\/\/fintecnic.pl\/app\/uploads\/2021\/05\/fintecnic-fasady-aluminiowo-szklane-1170x1170-c-default.webp 3x\">\n\t\t\t\t\t\t\t\t<img decoding=\"async\" src=\"https:\/\/fintecnic.pl\/app\/uploads\/2021\/05\/fintecnic-fasady-aluminiowo-szklane-470x470-c-default.webp\"\n\t\t\t\t\t\t\t\t\t alt=\"\"\n\t\t\t\t\t\t\t\t\t width=\"470\"\n\t\t\t\t\t\t\t\t\t height=\"470\"\n\t\t\t\t\t\t\t\t\t loading=\"lazy\"\n\t\t\t\t\t\t\t\t\t srcset=\"https:\/\/fintecnic.pl\/app\/uploads\/2021\/05\/fintecnic-fasady-aluminiowo-szklane-470x470-c-default.webp 1x, https:\/\/fintecnic.pl\/app\/uploads\/2021\/05\/fintecnic-fasady-aluminiowo-szklane-940x940-c-default.webp 2x, https:\/\/fintecnic.pl\/app\/uploads\/2021\/05\/fintecnic-fasady-aluminiowo-szklane-1410x1410-c-default.webp 3x\">\n\t\t\t\t\t\t\t<\/picture>\n\t\t\t\t\t\t<\/div>\n\t\t\t\t\t\t<div class=\"products_carousel__item__text\">\n\t\t\t\t\t\t\t<h3 class=\"products_carousel__item__title title-medium\">Aluminium facades<\/h3>\n\t\t\t\t\t\t\t<p class=\"products_carousel__item__description paragraph-small\">Our company is a manufacturer of glass-aluminium facades.<\/p>\n\t\t\t\t\t\t\t<span class=\"products_carousel__item__more read-more\">Read more<\/span>\n\t\t\t\t\t\t<\/div>\n\t\t\t\t\t<\/a>\n\t\t\t\t<\/div>\n\t\t\t\t\n\t\t\t\t            \t\t\t\t\n\t\t\t\t            \t\t\t\t\n\t\t\t\t            \t\t\t\t\n\t\t\t\t            \t\t\t\t\n\t\t\t\t            \t\t\t\t\n\t\t\t\t            \t\t\t\t\n\t\t\t\t                    <\/div>\n\n        <div class=\"row\">\n            <div class=\"col-12 col-md-10 offset-md-1 text-center\">\n\t\t\t\t<a href=\"#\" class=\"btn btn-arrow offer-menu-item\">More<\/a>\n            <\/div>\n        <\/div>\n\n\n    <\/div>\n\n<\/section>\n","protected":false},"excerpt":{"rendered":"","protected":false},"author":1,"featured_media":0,"parent":0,"menu_order":0,"comment_status":"closed","ping_status":"closed","template":"","meta":{"_acf_changed":false,"_monsterinsights_skip_tracking":false,"_monsterinsights_sitenote_active":false,"_monsterinsights_sitenote_note":"","_monsterinsights_sitenote_category":0,"footnotes":""},"class_list":["post-11616","page","type-page","status-publish","hentry"],"acf":[],"aioseo_notices":[],"_links":{"self":[{"href":"https:\/\/fintecnic.pl\/en\/wp-json\/wp\/v2\/pages\/11616","targetHints":{"allow":["GET"]}}],"collection":[{"href":"https:\/\/fintecnic.pl\/en\/wp-json\/wp\/v2\/pages"}],"about":[{"href":"https:\/\/fintecnic.pl\/en\/wp-json\/wp\/v2\/types\/page"}],"author":[{"embeddable":true,"href":"https:\/\/fintecnic.pl\/en\/wp-json\/wp\/v2\/users\/1"}],"replies":[{"embeddable":true,"href":"https:\/\/fintecnic.pl\/en\/wp-json\/wp\/v2\/comments?post=11616"}],"version-history":[{"count":3,"href":"https:\/\/fintecnic.pl\/en\/wp-json\/wp\/v2\/pages\/11616\/revisions"}],"predecessor-version":[{"id":17473,"href":"https:\/\/fintecnic.pl\/en\/wp-json\/wp\/v2\/pages\/11616\/revisions\/17473"}],"wp:attachment":[{"href":"https:\/\/fintecnic.pl\/en\/wp-json\/wp\/v2\/media?parent=11616"}],"curies":[{"name":"wp","href":"https:\/\/api.w.org\/{rel}","templated":true}]}}