{"id":11636,"date":"2021-04-09T13:25:58","date_gmt":"2021-04-09T11:25:58","guid":{"rendered":"https:\/\/fintecnic.pl\/?page_id=11636"},"modified":"2024-01-18T15:58:27","modified_gmt":"2024-01-18T14:58:27","slug":"contact","status":"publish","type":"page","link":"https:\/\/fintecnic.pl\/en\/contact\/","title":{"rendered":"Contact"},"content":{"rendered":"<section id=\"\" class=\"title_description  acf-block  acf-block-id-block_3240da84a31300b5e050d138a04d858d acf-block--mb acf-block--mt\">\n\n            <div class=\"container\">\n    <div class=\"row\">\n        <div class=\"col-12 col-lg-10 offset-lg-1\">\n                        \n    <span class=\"title_description__title_small title-small\">Contact<\/span>\n    <h2 class=\"title_description__title title\">Get in touch with our specialists<\/h2>\n\n    <div class=\"description title_description__description\"><p>Do you have questions or need expert advice? Contact us using the contact form below, come to our office in Aleksandr\u00f3w \u0141\u00f3dzki, call or write directly to our specialists.<\/p>\n<\/div>\n        <\/div>\n    <\/div>\n<\/div>    \n<\/section>\n\n","protected":false},"excerpt":{"rendered":"","protected":false},"author":8,"featured_media":0,"parent":0,"menu_order":0,"comment_status":"closed","ping_status":"closed","template":"","meta":{"_acf_changed":false,"_monsterinsights_skip_tracking":false,"_monsterinsights_sitenote_active":false,"_monsterinsights_sitenote_note":"","_monsterinsights_sitenote_category":0,"footnotes":""},"class_list":["post-11636","page","type-page","status-publish","hentry"],"acf":[],"aioseo_notices":[],"_links":{"self":[{"href":"https:\/\/fintecnic.pl\/en\/wp-json\/wp\/v2\/pages\/11636","targetHints":{"allow":["GET"]}}],"collection":[{"href":"https:\/\/fintecnic.pl\/en\/wp-json\/wp\/v2\/pages"}],"about":[{"href":"https:\/\/fintecnic.pl\/en\/wp-json\/wp\/v2\/types\/page"}],"author":[{"embeddable":true,"href":"https:\/\/fintecnic.pl\/en\/wp-json\/wp\/v2\/users\/8"}],"replies":[{"embeddable":true,"href":"https:\/\/fintecnic.pl\/en\/wp-json\/wp\/v2\/comments?post=11636"}],"version-history":[{"count":2,"href":"https:\/\/fintecnic.pl\/en\/wp-json\/wp\/v2\/pages\/11636\/revisions"}],"predecessor-version":[{"id":11638,"href":"https:\/\/fintecnic.pl\/en\/wp-json\/wp\/v2\/pages\/11636\/revisions\/11638"}],"wp:attachment":[{"href":"https:\/\/fintecnic.pl\/en\/wp-json\/wp\/v2\/media?parent=11636"}],"curies":[{"name":"wp","href":"https:\/\/api.w.org\/{rel}","templated":true}]}}