{"id":11902,"date":"2022-07-28T09:26:02","date_gmt":"2022-07-28T07:26:02","guid":{"rendered":"https:\/\/fintecnic.pl\/?page_id=11902"},"modified":"2023-11-09T14:13:56","modified_gmt":"2023-11-09T13:13:56","slug":"smart-slide","status":"publish","type":"page","link":"https:\/\/fintecnic.pl\/en\/windows\/sliding-windows-and-doors\/pvc-sliding-systems\/smart-slide\/","title":{"rendered":"SMART SLIDE"},"content":{"rendered":"<section id=\"\" class=\"side_image  acf-block  acf-block-id-block_dc9da27f33b0b107bdd4387e027c1a92 acf-block--mb acf-block--mt\">\n\t\t<div class=\"container\">\n\t\t<div class=\"row side_image__row\">\n\n\t\t\t\t\t\t\t<div class=\"col-12 col-lg-10 offset-lg-1\">\n\t\t\t\t\t<div class=\"row\">\n\t\t\t\t\t\t<div class=\"col-12 col-md-4 \">\n\t\t\t\t\t\t\t<a data-fslightbox href=\"https:\/\/fintecnic.pl\/app\/uploads\/2022\/09\/aluplast_zloty_medal_MTP2020.webp\">\n\t\t\t\t\t\t\t\t<picture>\n\t\t\t\t\t\t\t\t\t<source media=\"(max-width: 568px)\"\n\t\t\t\t\t\t\t\t\t\t\tsrcset=\"https:\/\/fintecnic.pl\/app\/uploads\/2022\/09\/aluplast_zloty_medal_MTP2020-500x0-c-default.webp 1x\">\n\t\t\t\t\t\t\t\t\t<img decoding=\"async\" class=\"side_image__img\"\n\t\t\t\t\t\t\t\t\t\t src=\"https:\/\/fintecnic.pl\/app\/uploads\/2022\/09\/aluplast_zloty_medal_MTP2020-464x0-c-default.webp\"\n\t\t\t\t\t\t\t\t\t\t alt=\"\"\n\t\t\t\t\t\t\t\t\t\t width=\"464\"\n\t\t\t\t\t\t\t\t\t\t style=\"aspect-ratio: auto 150 \/ 147\"\n\t\t\t\t\t\t\t\t\t\t loading=\"lazy\"\n\t\t\t\t\t\t\t\t\t\t srcset=\"https:\/\/fintecnic.pl\/app\/uploads\/2022\/09\/aluplast_zloty_medal_MTP2020-464x0-c-default.webp 1x, https:\/\/fintecnic.pl\/app\/uploads\/2022\/09\/aluplast_zloty_medal_MTP2020-928x0-c-default.webp 2x, https:\/\/fintecnic.pl\/app\/uploads\/2022\/09\/aluplast_zloty_medal_MTP2020-1392x0-c-default.webp 3x\">\n\t\t\t\t\t\t\t\t<\/picture>\n\t\t\t\t\t\t\t<\/a>\n\t\t\t\t\t\t<\/div>\n\t\t\t\t\t\t<div class=\"col-12 col-md-8 \">\n\n\t\t\t\t\t\t\t<div class=\"side_image__description description\"><p>SMART-SLIDE sliding doors are the new generation in sliding patio doors, which are characterised above all by their excellent technical features and ease of use.<\/p>\n<\/div>\n\n\t\t\t\t\t\t<\/div>\n\t\t\t\t\t<\/div>\n\t\t\t\t<\/div>\n\t\t\t\t\t<\/div>\n\n\t<\/div>\n<\/section>\n\n\n<section id=\"\" class=\"title_description_image image-block acf-block  acf-block-id-block_c9f63b6df574e4c8c394146c932b80ab acf-block--mb acf-block--mt\">\n\n        \n    <div class=\"container\">\n        <div class=\"row\">\n            <div class=\"col-12\">\n                <div class=\"title_description_image__img\" id=\"block_c9f63b6df574e4c8c394146c932b80ab\">\n                                        <picture>\n                        <source media=\"(max-width: 568px)\"\n                                srcset=\"https:\/\/fintecnic.pl\/app\/uploads\/2022\/09\/smart-slide-aluplast-fintecnic-pcv-e1663854726802-390x0-c-default.webp 1x, https:\/\/fintecnic.pl\/app\/uploads\/2022\/09\/smart-slide-aluplast-fintecnic-pcv-e1663854726802-780x0-c-default.webp 2x, https:\/\/fintecnic.pl\/app\/uploads\/2022\/09\/smart-slide-aluplast-fintecnic-pcv-e1663854726802-1170x0-c-default.webp 3x\">\n                        <img decoding=\"async\" src=\"https:\/\/fintecnic.pl\/app\/uploads\/2022\/09\/smart-slide-aluplast-fintecnic-pcv-e1663854726802-1460x0-c-default.webp\"\n                             alt=\"\"\n                             width=\"1460\"\n                             style=\"aspect-ratio: auto 1800 \/ 1377\"\n                             loading=\"lazy\"\n                             srcset=\"https:\/\/fintecnic.pl\/app\/uploads\/2022\/09\/smart-slide-aluplast-fintecnic-pcv-e1663854726802-1460x0-c-default.webp 1x, https:\/\/fintecnic.pl\/app\/uploads\/2022\/09\/smart-slide-aluplast-fintecnic-pcv-e1663854726802-2920x0-c-default.webp 2x, https:\/\/fintecnic.pl\/app\/uploads\/2022\/09\/smart-slide-aluplast-fintecnic-pcv-e1663854726802-4380x0-c-default.webp 3x\">\n                    <\/picture>\n                <\/div>\n\n            <\/div>\n        <\/div>\n    <\/div>\n\n<\/section>\n\n\n\n\n<section id=\"\" class=\"title_description  acf-block  acf-block-id-block_dbbe5204138dfb509e9e36fefe314671 acf-block--mb acf-block--mt\">\n\n            <div class=\"container\">\n    <div class=\"row\">\n        <div class=\"col-12 col-lg-10 offset-lg-1\">\n                        \n    <h2 class=\"title_description__title title\">HIGH STRUCTURAL INTEGRITY<\/h2>\n\n    <div class=\"description title_description__description\"><p>The smart-slide sliding door is a new solution in the sliding door\/window segment that can ultimately be an attractive alternative to PSK\/PATIO terrace doors. This is an excellent solution for single-family houses, but also for public buildings where ease of use and reliability are expected of terrace doors. Thanks to a clever combination of technical solutions, SMART-SLIDE achieves very good results in terms of air permeability, wind pressure resistance and water tightness. This is all thanks to the tailor-made peripheral seals on the sash, which are pressed transversely against the frame along the entire circumference by turning the handle. High tightness is also ensured by the locking points in the mullion area.<\/p>\n<\/div>\n        <\/div>\n    <\/div>\n<\/div>    \n<\/section>\n\n\n\n<section id=\"\" class=\"title_description  acf-block  acf-block-id-block_0643b6d71bba6d71b10e83404d241f2b acf-block--mb acf-block--mt\">\n\n            <div class=\"container\">\n    <div class=\"row\">\n        <div class=\"col-12 col-lg-10 offset-lg-1\">\n                        \n    <h2 class=\"title_description__title title\">OPERATING COMFORT<br \/>\r\n<\/h2>\n\n    <div class=\"description title_description__description\"><p><strong>Innovative locking mechanism allows for simple and intuitive operation<\/strong> (<strong>see video<\/strong>), similar to solutions used in lift and slide doors, type HST. Specialised window fittings ensure that the sash, once unlocked, slides freely and without the slightest resistance on the bogies relative to the unopened part of the structure. The locking mechanism allows the sash to close gently in the frame, thereby making it easy to operate the sliding door.<\/p>\n<p><img decoding=\"async\" class=\"size-full wp-image-4201\" src=\"https:\/\/fintecnic.bkapps.pl\/app\/uploads\/2022\/09\/aluplast_smart_slide_4.jpeg\" alt=\"\" width=\"600\" height=\"545\" srcset=\"https:\/\/fintecnic.pl\/app\/uploads\/2022\/09\/aluplast_smart_slide_4.jpeg 600w, https:\/\/fintecnic.pl\/app\/uploads\/2022\/09\/aluplast_smart_slide_4-300x273.jpeg 300w\" sizes=\"(max-width: 600px) 100vw, 600px\" \/><\/p>\n<p><img decoding=\"async\" class=\"size-full wp-image-4202\" src=\"https:\/\/fintecnic.bkapps.pl\/app\/uploads\/2022\/09\/aluplast_smart_slide_5.jpeg\" alt=\"\" width=\"600\" height=\"534\" srcset=\"https:\/\/fintecnic.pl\/app\/uploads\/2022\/09\/aluplast_smart_slide_5.jpeg 600w, https:\/\/fintecnic.pl\/app\/uploads\/2022\/09\/aluplast_smart_slide_5-300x267.jpeg 300w\" sizes=\"(max-width: 600px) 100vw, 600px\" \/><\/p>\n<\/div>\n        <\/div>\n    <\/div>\n<\/div>    \n<\/section>\n\n\n\n<section id=\"\" class=\"title_description  acf-block  acf-block-id-block_5267af9e736129878cc7f1c0f4af9352 acf-block--mb acf-block--mt\">\n\n            <div class=\"container\">\n    <div class=\"row\">\n        <div class=\"col-12 col-lg-10 offset-lg-1\">\n                        \n    <h2 class=\"title_description__title title\">Take a look at the video below to see how SMART-SLIDE doors work in practice:<\/h2>\n\n    <div class=\"description title_description__description\"><p><iframe title=\"SMART SLIDE Przesuwne drzwi i okna tarasowe. Komfortowe drzwi balkonowe. Z\u0142oty Medal MTP 2020.\" src=\"https:\/\/www.youtube.com\/embed\/dCeuqgDDugI\" width=\"560\" height=\"315\" frameborder=\"0\" allowfullscreen=\"allowfullscreen\"><\/iframe><\/p>\n<p>Large glass surfaces are very much in fashion. SMART-SLIDE sliding doors meet this trend by providing a white glazed design. <strong>measuring 5.8 x 2.4 m<\/strong> in scheme C. <strong>The maximum dimensions of the SMART-SLIDE sliding door in scheme A are 4000 x 2400 mm in white (3800 x 2300 in colour),\u00a0<\/strong>a ich podzia\u0142 mo\u017ce by\u0107 symetryczny lub asymetryczny. Ryglowanie na ca\u0142ym obwodzie skrzyd\u0142a zapewnia du\u017c\u0105 si\u0142\u0119 docisku, a jednocze\u015bnie po otwarciu skrzyd\u0142o przesuwa si\u0119 niezwykle lekko, przy u\u017cyciu minimalnej si\u0142y. Jest to bardzo istotny atut szczeg\u00f3lnie w por\u00f3wnaniu z konstrukcjami odstawno-przesuwnymi, kt\u00f3re przy du\u017cej liczbie cykl\u00f3w otwierania\/zamykania mog\u0105 by\u0107 k\u0142opotliwe w eksploatacji. In addition, thanks to the profile design using <strong>Multifalz<\/strong> technology, it is possible to optionally use glazing bonding technology, which allows the entire structure to be more rigid.<\/p>\n<p><img decoding=\"async\" class=\"aligncenter size-full wp-image-4204\" src=\"https:\/\/fintecnic.bkapps.pl\/app\/uploads\/2022\/09\/640x480_1cd221c2b8579f24bf76bb2b6fc4beac83393abc.jpeg\" alt=\"\" width=\"640\" height=\"359\" srcset=\"https:\/\/fintecnic.pl\/app\/uploads\/2022\/09\/640x480_1cd221c2b8579f24bf76bb2b6fc4beac83393abc.jpeg 640w, https:\/\/fintecnic.pl\/app\/uploads\/2022\/09\/640x480_1cd221c2b8579f24bf76bb2b6fc4beac83393abc-300x168.jpeg 300w\" sizes=\"(max-width: 640px) 100vw, 640px\" \/> <img decoding=\"async\" class=\"aligncenter size-full wp-image-4205\" src=\"https:\/\/fintecnic.bkapps.pl\/app\/uploads\/2022\/09\/640x480_b166590fd900c1a0e63d2615c400762b50890aa1.jpeg\" alt=\"\" width=\"640\" height=\"359\" srcset=\"https:\/\/fintecnic.pl\/app\/uploads\/2022\/09\/640x480_b166590fd900c1a0e63d2615c400762b50890aa1.jpeg 640w, https:\/\/fintecnic.pl\/app\/uploads\/2022\/09\/640x480_b166590fd900c1a0e63d2615c400762b50890aa1-300x168.jpeg 300w\" sizes=\"(max-width: 640px) 100vw, 640px\" \/><\/p>\n<\/div>\n        <\/div>\n    <\/div>\n<\/div>    \n<\/section>\n\n\n\n<section id=\"\" class=\"title_description  acf-block  acf-block-id-block_55b4bce99bdcdd8afa12d1952e18b0ff acf-block--mb acf-block--mt\">\n\n            <div class=\"container\">\n    <div class=\"row\">\n        <div class=\"col-12 col-lg-10 offset-lg-1\">\n                        \n    <h2 class=\"title_description__title title\">EASE OF IMPLEMENTATION<\/h2>\n\n    <div class=\"description title_description__description\"><p>The new SMART-SLIDE doors are characterised by their ease of manufacture, which ensures high production efficiency. This is made possible primarily by the low number of profiles used in their manufacture. As with the patio doors, the frame is welded, the system uses a mullion from the Ideal 4000 system and the fixed glazing is carried out directly in the frame. All production can be carried out using standard machinery.<\/p>\n<p>A sash depth of 70 mm and a frame depth of 140 mm provide the new smart-slide sliding door with a wide range of application options, including in the area of renovation.<\/p>\n<ul>\n<li>Frame installation depth 140 mm<\/li>\n<li>Sash rebate depth 70 mm<\/li>\n<li>can be glazed with packets of up to 42 mm<\/li>\n<li>modern classic-line design<\/li>\n<li>feasible A+C schemes<\/li>\n<li>concealed hardware mechanisms<\/li>\n<li>available in three core colours: white, brown, anthracite and a wide range of decorative foils<\/li>\n<\/ul>\n<p><img decoding=\"async\" class=\"aligncenter size-full wp-image-4208\" src=\"https:\/\/fintecnic.bkapps.pl\/app\/uploads\/2022\/09\/drzwi_przesuwne_smart_slide_aluplast.jpeg\" alt=\"\" width=\"342\" height=\"600\" srcset=\"https:\/\/fintecnic.pl\/app\/uploads\/2022\/09\/drzwi_przesuwne_smart_slide_aluplast.jpeg 342w, https:\/\/fintecnic.pl\/app\/uploads\/2022\/09\/drzwi_przesuwne_smart_slide_aluplast-171x300.jpeg 171w\" sizes=\"(max-width: 342px) 100vw, 342px\" \/><\/p>\n<h4><\/h4>\n<\/div>\n        <\/div>\n    <\/div>\n<\/div>    \n<\/section>\n\n\n\n<section id=\"\" class=\"title_description  acf-block  acf-block-id-block_597685a959c0fc3fe5ed9be161be85fc acf-block--mb acf-block--mt\">\n\n            <div class=\"container\">\n    <div class=\"row\">\n        <div class=\"col-12 col-lg-10 offset-lg-1\">\n                        \n    <h2 class=\"title_description__title title\">SPACE-SAVING<\/h2>\n\n    <div class=\"description title_description__description\"><p>The use of SMART-SLIDE sliding doors is also a <strong>step towards optimum use of interior space<\/strong>, as the opening of the doors does not require the opening of the wings, which would deeply &#8220;enter&#8221; the living space. SMART-SLIDE doors can be manufactured in two schemes A and C:<\/p>\n<ul>\n<li>\n<h4>A: 2-quadrant &#8211; with one movable wing<\/h4>\n<\/li>\n<li>\n<h4>C: 4-quadrant &#8211; with two central movable wings<\/h4>\n<\/li>\n<\/ul>\n<p><img decoding=\"async\" class=\"aligncenter size-full wp-image-4211\" src=\"https:\/\/fintecnic.bkapps.pl\/app\/uploads\/2022\/09\/aluplast_drzwi_tarasowe_schematy_otwierania.jpeg\" alt=\"\" width=\"600\" height=\"171\" srcset=\"https:\/\/fintecnic.pl\/app\/uploads\/2022\/09\/aluplast_drzwi_tarasowe_schematy_otwierania.jpeg 600w, https:\/\/fintecnic.pl\/app\/uploads\/2022\/09\/aluplast_drzwi_tarasowe_schematy_otwierania-300x86.jpeg 300w\" sizes=\"(max-width: 600px) 100vw, 600px\" \/><\/p>\n<p>&nbsp;<\/p>\n<p>&nbsp;<\/p>\n<\/div>\n        <\/div>\n    <\/div>\n<\/div>    \n<\/section>\n\n\n\n<section id=\"\" class=\"title_description  acf-block  acf-block-id-block_a446b41dbedcefe6d6fabef20743bec8 acf-block--mb acf-block--mt\">\n\n            <div class=\"container\">\n    <div class=\"row\">\n        <div class=\"col-12 col-lg-10 offset-lg-1\">\n                        \n    <h2 class=\"title_description__title title\">EVEN MORE LIGHT<br \/>\r\n<\/h2>\n\n    <div class=\"description title_description__description\"><p>The <strong>SMART SLIDE<\/strong> door not only offers potential gains and comfort satisfaction, but also an interesting proposition from a functional design point of view. The construction has a minimalist and somewhat Scandinavian design. The non-openable part of the fixed glazing realised in extremely narrow profiles allows the maximisation of glazed areas and the reduction of the frame area, which is in line with customer expectations and trends in modern glazing design.<\/p>\n<p>&nbsp;<\/p>\n<\/div>\n        <\/div>\n    <\/div>\n<\/div>    \n<\/section>\n\n\n\n<section id=\"\" class=\"title_description  acf-block  acf-block-id-block_ac12afbb1fcd236e4287d103e660e922 acf-block--mb acf-block--mt\">\n\n            <div class=\"container\">\n    <div class=\"row\">\n        <div class=\"col-12 col-lg-10 offset-lg-1\">\n                        \n    <h2 class=\"title_description__title title\">FREEDOM OF CHOICE OF COLOUR SCHEME<\/h2>\n\n    <div class=\"description title_description__description\"><p><strong>SMART-SLIDE<\/strong> doors are available in the wide range of decorative foils we offer, as well as aluskin aluminium overlays can be used in this system, further extending the range of colour options available. Now you can easily match, select and preview how the colours of the individual building elements harmonise with each other thanks to the Aluplast colour configurator.<\/p>\n<p><a href=\"http:\/\/konfigurator.aluplast.net\/clients\/polska\/\">http:\/\/konfigurator.aluplast.net\/clients\/polska\/<\/a><\/p>\n<p><img decoding=\"async\" class=\"aligncenter size-full wp-image-4213\" src=\"https:\/\/fintecnic.bkapps.pl\/app\/uploads\/2022\/09\/640x480_154093da1d379a201c29a2ad51db81c6309da895.jpeg\" alt=\"\" width=\"640\" height=\"313\" srcset=\"https:\/\/fintecnic.pl\/app\/uploads\/2022\/09\/640x480_154093da1d379a201c29a2ad51db81c6309da895.jpeg 640w, https:\/\/fintecnic.pl\/app\/uploads\/2022\/09\/640x480_154093da1d379a201c29a2ad51db81c6309da895-300x147.jpeg 300w\" sizes=\"(max-width: 640px) 100vw, 640px\" \/><\/p>\n<\/div>\n        <\/div>\n    <\/div>\n<\/div>    \n<\/section>\n\n","protected":false},"excerpt":{"rendered":"","protected":false},"author":8,"featured_media":18534,"parent":11895,"menu_order":2,"comment_status":"closed","ping_status":"closed","template":"pages\/product-single.php","meta":{"_acf_changed":false,"_monsterinsights_skip_tracking":false,"_monsterinsights_sitenote_active":false,"_monsterinsights_sitenote_note":"","_monsterinsights_sitenote_category":0,"footnotes":""},"class_list":["post-11902","page","type-page","status-publish","has-post-thumbnail","hentry"],"acf":[],"aioseo_notices":[],"_links":{"self":[{"href":"https:\/\/fintecnic.pl\/en\/wp-json\/wp\/v2\/pages\/11902","targetHints":{"allow":["GET"]}}],"collection":[{"href":"https:\/\/fintecnic.pl\/en\/wp-json\/wp\/v2\/pages"}],"about":[{"href":"https:\/\/fintecnic.pl\/en\/wp-json\/wp\/v2\/types\/page"}],"author":[{"embeddable":true,"href":"https:\/\/fintecnic.pl\/en\/wp-json\/wp\/v2\/users\/8"}],"replies":[{"embeddable":true,"href":"https:\/\/fintecnic.pl\/en\/wp-json\/wp\/v2\/comments?post=11902"}],"version-history":[{"count":3,"href":"https:\/\/fintecnic.pl\/en\/wp-json\/wp\/v2\/pages\/11902\/revisions"}],"predecessor-version":[{"id":11906,"href":"https:\/\/fintecnic.pl\/en\/wp-json\/wp\/v2\/pages\/11902\/revisions\/11906"}],"up":[{"embeddable":true,"href":"https:\/\/fintecnic.pl\/en\/wp-json\/wp\/v2\/pages\/11895"}],"wp:featuredmedia":[{"embeddable":true,"href":"https:\/\/fintecnic.pl\/en\/wp-json\/wp\/v2\/media\/18534"}],"wp:attachment":[{"href":"https:\/\/fintecnic.pl\/en\/wp-json\/wp\/v2\/media?parent=11902"}],"curies":[{"name":"wp","href":"https:\/\/api.w.org\/{rel}","templated":true}]}}