{"id":12378,"date":"2022-09-28T11:39:00","date_gmt":"2022-09-28T09:39:00","guid":{"rendered":"https:\/\/fintecnic.pl\/?page_id=12378"},"modified":"2024-02-06T13:52:05","modified_gmt":"2024-02-06T12:52:05","slug":"under-plaster-roller-shutters","status":"publish","type":"page","link":"https:\/\/fintecnic.pl\/en\/window-coverings\/under-plaster-roller-shutters\/","title":{"rendered":"Under-plaster roller shutters"},"content":{"rendered":"<section id=\"\" class=\"title_description  acf-block  acf-block-id-block_b469adf1ab2441e7a84238d39d6a739d acf-block--mb acf-block--mt\">\n\n            <div class=\"container\">\n    <div class=\"row\">\n        <div class=\"col-12 col-lg-10 offset-lg-1\">\n                        \n\n    <div class=\"description title_description__description\"><div class=\"MjjYud\">\n<div class=\"g Ww4FFb vt6azd tF2Cxc\" lang=\"pl\" data-hveid=\"CEYQAA\" data-ved=\"2ahUKEwjVnOCbq_36AhXLqqQKHTwjAvgQFSgAegQIRhAA\">\n<div class=\"kvH3mc BToiNc UK95Uc\" data-sokoban-container=\"ih6Jnb_J6gTzf\">\n<div class=\"Z26q7c UK95Uc\" data-content-feature=\"2\">\n<div class=\"VwiC3b yXK7lf MUxGbd yDYNvb lyLwlc lEBKkf\">\n<p class=\"rtejustify\">External roller shutters are one of the most popular shading solutions in single-family houses. This solution has a number of advantages, starting with its basic function &#8211; i.e. protection from the sun and:<\/p>\n<ul>\n<li>ensure the comfort of privacy<\/li>\n<li>reduce heat loss<\/li>\n<li>improve acoustics by reducing the intrusion of outside noise<\/li>\n<li>provide protection against wind, rain, snow<\/li>\n<li>can be integrated with mosquito nets<\/li>\n<li>can provide additional burglary protection<\/li>\n<\/ul>\n<\/div>\n<\/div>\n<\/div>\n<\/div>\n<\/div>\n<p><strong>In our business, we rely on the best system providers that produce roller shutter solutions &#8211; ALUPROF:<\/strong><\/p>\n<p id=\"tw-target-text\" class=\"tw-data-text tw-ta tw-text-small\" dir=\"ltr\" data-placeholder=\"T\u0142umaczenie\"><span lang=\"pl\" tabindex=\"0\">Exterior roller shutters made with an integrated system are designed for use in newly constructed buildings, but also in existing buildings. Roller shutters of SP and SP-E systems match the facade of the building and are an integral part of it. Concealed window blinds are installed from the outside under the surface of the facade.<\/span><\/p>\n<p dir=\"ltr\" data-placeholder=\"T\u0142umaczenie\"><img decoding=\"async\" class=\"wp-image-4461 alignleft\" src=\"https:\/\/fintecnic.bkapps.pl\/app\/uploads\/2022\/09\/sp-e-124-pl-rolety-podtynkowe-aluprof-fintecnic-194x300.png\" alt=\"\" width=\"304\" height=\"470\" srcset=\"https:\/\/fintecnic.pl\/app\/uploads\/2022\/09\/sp-e-124-pl-rolety-podtynkowe-aluprof-fintecnic-194x300.png 194w, https:\/\/fintecnic.pl\/app\/uploads\/2022\/09\/sp-e-124-pl-rolety-podtynkowe-aluprof-fintecnic.png 398w\" sizes=\"(max-width: 304px) 100vw, 304px\" \/><\/p>\n<p><strong>Functionality<\/strong><br \/>\nSP-E flush-mounted systems are designed for use primarily in newly erected buildings, but also in existing buildings after making the necessary changes to the lintel. It is important to plan the use of such solutions and the method of their installation even at the stage of designing the building, which allows to make more effective use of their functional advantages. The SP-E system provides excellent thermal and acoustic insulation, as they do not interfere with the construction of the window, door and lintel, thus not affecting the energy balance. What&#8217;s more, these products fit perfectly into the facade of the building, forming an integral part of it.<\/p>\n<p>Roller shutters in the Aluprof SP-E flush-mounted system have been designed to primarily provide protection against heat loss. <strong>This was especially appreciated by the Passive House Institute in Darmstadt (PHI), which issued a recommendation to use boxes of 165 mm and smaller in passive buildings. A necessary condition is correct installation in a previously insulated lintel in accordance with the manufacturer&#8217;s recommendations. In addition, window joinery should meet appropriate parameters, including: the window&#8217;s heat transfer coefficient Uw is lower than 0.80 W\/(m\u00b2K), while the Ug coefficient of the glass does not exceed 0.70 W\/(m\u00b2K).<\/strong><\/p>\n<div><strong>Construction<\/strong><\/div>\n<div>The roller shutter box is made of profiled aluminum sheet, and its front is also a base for any finishing material (e.g. plaster or clinker), thanks to which the box becomes an unnoticeable element of the building&#8217;s facade. Structural elements, i.e. the inspection cover (which is wider than in the SP system), guides and the bottom strip can be color matched to the window joinery. As in the case of adaptive systems, the roller shutter curtain can be made of polyurethane foam-filled, plastic or extruded profiles. Roller shutters in concealed systems can be equipped with an anti-insect mesh, which provides effective protection against insects while maintaining the flow of light and fresh air inside.<\/div>\n<div><strong>\u00a0<\/strong><\/div>\n<div><strong>Comfort of use<\/strong><\/div>\n<div>Depending on the users&#8217; needs, the roller blinds can be controlled: manually, by electric drive using a wall transmitter or remote control, or by using intelligent control via a computer, tablet or smartphone.<\/div>\n<div><strong>\u00a0<\/strong><\/div>\n<div><strong>Utility values<\/strong><\/div>\n<div>External roller blinds work more effectively than ordinary curtains, facade blinds or shutters, because thanks to their construction, an air cushion is created between the window surface and the roller shutter armor, which is an excellent insulator. They thus allow you to reduce energy costs throughout the year by up to 30%. External roller blinds contribute to reducing heat loss in winter, significantly improving the energy balance of the building. In summer, they effectively protect the interior against excessive heating of the rooms by sunlight, thus reducing the consumption of additional cooling devices.<\/div>\n<div><\/div>\n<div><strong>Color palette<\/strong><\/div>\n<div>A large selection of colors in the standard palette of PA profiles allows us to meet the needs of the most demanding customers. The offer also includes wood-like colors. The color coatings of extruded elements are made using the powder coating method, which ensures high quality and durability of the product and allows painting in any color from the RAL palette.<\/div>\n<p><\/p>\n<div><img decoding=\"async\" class=\"alignnone  wp-image-12913\" src=\"https:\/\/fintecnic.pl\/app\/uploads\/2023\/12\/okna-aluminiowe-kolor-szary-antracytowy-piaskowany-fintecnic-producent-okien-aluminiowych-lodz-rolety-zewnetrzne-podtynkowe-drzwi-wiked_3-300x200.jpg\" alt=\"\" width=\"1203\" height=\"802\" srcset=\"https:\/\/fintecnic.pl\/app\/uploads\/2023\/12\/okna-aluminiowe-kolor-szary-antracytowy-piaskowany-fintecnic-producent-okien-aluminiowych-lodz-rolety-zewnetrzne-podtynkowe-drzwi-wiked_3-300x200.jpg 300w, https:\/\/fintecnic.pl\/app\/uploads\/2023\/12\/okna-aluminiowe-kolor-szary-antracytowy-piaskowany-fintecnic-producent-okien-aluminiowych-lodz-rolety-zewnetrzne-podtynkowe-drzwi-wiked_3-1024x683.jpg 1024w, https:\/\/fintecnic.pl\/app\/uploads\/2023\/12\/okna-aluminiowe-kolor-szary-antracytowy-piaskowany-fintecnic-producent-okien-aluminiowych-lodz-rolety-zewnetrzne-podtynkowe-drzwi-wiked_3-768x512.jpg 768w, https:\/\/fintecnic.pl\/app\/uploads\/2023\/12\/okna-aluminiowe-kolor-szary-antracytowy-piaskowany-fintecnic-producent-okien-aluminiowych-lodz-rolety-zewnetrzne-podtynkowe-drzwi-wiked_3-1536x1024.jpg 1536w, https:\/\/fintecnic.pl\/app\/uploads\/2023\/12\/okna-aluminiowe-kolor-szary-antracytowy-piaskowany-fintecnic-producent-okien-aluminiowych-lodz-rolety-zewnetrzne-podtynkowe-drzwi-wiked_3-2048x1365.jpg 2048w\" sizes=\"(max-width: 1203px) 100vw, 1203px\" \/><\/div>\n<\/div>\n        <\/div>\n    <\/div>\n<\/div>    \n<\/section>\n\n\n\n<section id=\"\" class=\"title_description  acf-block  acf-block-id-block_bd9ff4f668302db2f6ab5b9bf52c3df4 acf-block--mb acf-block--mt\">\n\n            <div class=\"container\">\n    <div class=\"row\">\n        <div class=\"col-12 col-lg-10 offset-lg-1\">\n                        \n    <h2 class=\"title_description__title title\">Under-plaster roller shutters<\/h2>\n\n    <div class=\"description title_description__description\"><p>Flush-mounted roller blinds in \u0141\u00f3d\u017a are a variant of roller blinds prepared mainly for buildings that are just under construction. The roller shutter box is mounted on the outside of the window, under the fa\u00e7ade surface, which ensures that it is aesthetically hidden under the finishing material. They create a coherent composition with the fa\u00e7ade. At the same time, they guarantee safety, thermal insulation, innovative design and individual adjustment of controls and colors. However, the box for flush-mounted roller shutters is located outside the building, so there are no service and maintenance problems. There are no problematic boxes or blind elements that are difficult to hide in our interiors. Concealed roller blinds in \u0141\u00f3d\u017a and the surrounding area are, in short, aesthetics and energy efficiency in one!<\/p>\n<\/div>\n        <\/div>\n    <\/div>\n<\/div>    \n<\/section>\n\n","protected":false},"excerpt":{"rendered":"","protected":false},"author":8,"featured_media":4461,"parent":12376,"menu_order":1,"comment_status":"closed","ping_status":"closed","template":"pages\/product-single.php","meta":{"_acf_changed":false,"_monsterinsights_skip_tracking":false,"_monsterinsights_sitenote_active":false,"_monsterinsights_sitenote_note":"","_monsterinsights_sitenote_category":0,"footnotes":""},"class_list":["post-12378","page","type-page","status-publish","has-post-thumbnail","hentry"],"acf":[],"aioseo_notices":[],"_links":{"self":[{"href":"https:\/\/fintecnic.pl\/en\/wp-json\/wp\/v2\/pages\/12378","targetHints":{"allow":["GET"]}}],"collection":[{"href":"https:\/\/fintecnic.pl\/en\/wp-json\/wp\/v2\/pages"}],"about":[{"href":"https:\/\/fintecnic.pl\/en\/wp-json\/wp\/v2\/types\/page"}],"author":[{"embeddable":true,"href":"https:\/\/fintecnic.pl\/en\/wp-json\/wp\/v2\/users\/8"}],"replies":[{"embeddable":true,"href":"https:\/\/fintecnic.pl\/en\/wp-json\/wp\/v2\/comments?post=12378"}],"version-history":[{"count":3,"href":"https:\/\/fintecnic.pl\/en\/wp-json\/wp\/v2\/pages\/12378\/revisions"}],"predecessor-version":[{"id":14275,"href":"https:\/\/fintecnic.pl\/en\/wp-json\/wp\/v2\/pages\/12378\/revisions\/14275"}],"up":[{"embeddable":true,"href":"https:\/\/fintecnic.pl\/en\/wp-json\/wp\/v2\/pages\/12376"}],"wp:featuredmedia":[{"embeddable":true,"href":"https:\/\/fintecnic.pl\/en\/wp-json\/wp\/v2\/media\/4461"}],"wp:attachment":[{"href":"https:\/\/fintecnic.pl\/en\/wp-json\/wp\/v2\/media?parent=12378"}],"curies":[{"name":"wp","href":"https:\/\/api.w.org\/{rel}","templated":true}]}}